{"id":36,"date":"2024-08-31T19:11:47","date_gmt":"2024-08-31T22:11:47","guid":{"rendered":"https:\/\/argi.com.br\/lp\/?page_id=36"},"modified":"2024-09-13T07:11:43","modified_gmt":"2024-09-13T10:11:43","slug":"empresa","status":"publish","type":"page","link":"https:\/\/argi.com.br\/lp\/empresa\/","title":{"rendered":"Empresa"},"content":{"rendered":"\t\t<div data-elementor-type=\"wp-page\" data-elementor-id=\"36\" class=\"elementor elementor-36\" data-elementor-post-type=\"page\">\n\t\t\t\t<div class=\"elementor-element elementor-element-db2ebad e-flex e-con-boxed e-con e-parent\" data-id=\"db2ebad\" data-element_type=\"container\" data-e-type=\"container\" data-settings=\"{&quot;background_background&quot;:&quot;classic&quot;}\">\n\t\t\t\t\t<div class=\"e-con-inner\">\n\t\t\t\t<div class=\"elementor-element elementor-element-58b6400 elementor-widget elementor-widget-heading\" data-id=\"58b6400\" data-element_type=\"widget\" data-e-type=\"widget\" data-widget_type=\"heading.default\">\n\t\t\t\t<div class=\"elementor-widget-container\">\n\t\t\t\t\t<h1 class=\"elementor-heading-title elementor-size-default\">Empresa<\/h1>\t\t\t\t<\/div>\n\t\t\t\t<\/div>\n\t\t\t\t\t<\/div>\n\t\t\t\t<\/div>\n\t\t<div class=\"elementor-element elementor-element-144c105 e-flex e-con-boxed e-con e-parent\" data-id=\"144c105\" data-element_type=\"container\" data-e-type=\"container\" data-settings=\"{&quot;background_background&quot;:&quot;classic&quot;}\">\n\t\t\t\t\t<div class=\"e-con-inner\">\n\t\t<div class=\"elementor-element elementor-element-204f3e7 e-con-full e-flex e-con e-child\" data-id=\"204f3e7\" data-element_type=\"container\" data-e-type=\"container\">\n\t\t\t\t<div class=\"elementor-element elementor-element-3cc8a85 elementor-widget elementor-widget-image\" data-id=\"3cc8a85\" data-element_type=\"widget\" data-e-type=\"widget\" data-widget_type=\"image.default\">\n\t\t\t\t<div class=\"elementor-widget-container\">\n\t\t\t\t\t\t\t\t\t\t\t\t\t\t\t<img fetchpriority=\"high\" decoding=\"async\" width=\"657\" height=\"556\" src=\"https:\/\/argi.com.br\/lp\/wp-content\/uploads\/2024\/09\/a-empresa-Argi-Carrocariad-1.png\" class=\"attachment-full size-full wp-image-196\" alt=\"a empresa - Argi Carroc\u0327arias\" srcset=\"https:\/\/argi.com.br\/lp\/wp-content\/uploads\/2024\/09\/a-empresa-Argi-Carrocariad-1.png 657w, https:\/\/argi.com.br\/lp\/wp-content\/uploads\/2024\/09\/a-empresa-Argi-Carrocariad-1-300x254.png 300w\" sizes=\"(max-width: 657px) 100vw, 657px\" \/>\t\t\t\t\t\t\t\t\t\t\t\t\t\t\t<\/div>\n\t\t\t\t<\/div>\n\t\t\t\t<\/div>\n\t\t<div class=\"elementor-element elementor-element-7191adf e-con-full e-flex elementor-invisible e-con e-child\" data-id=\"7191adf\" data-element_type=\"container\" data-e-type=\"container\" data-settings=\"{&quot;animation&quot;:&quot;fadeInRight&quot;}\">\n\t\t\t\t<div class=\"elementor-element elementor-element-2f16fac elementor-widget__width-initial elementor-widget elementor-widget-image-box\" data-id=\"2f16fac\" data-element_type=\"widget\" data-e-type=\"widget\" data-widget_type=\"image-box.default\">\n\t\t\t\t<div class=\"elementor-widget-container\">\n\t\t\t\t\t<div class=\"elementor-image-box-wrapper\"><div class=\"elementor-image-box-content\"><h2 class=\"elementor-image-box-title\">A empresa<\/h2><p class=\"elementor-image-box-description\">Fundada em maio de 1972, inicialmente conhecida como \u201cEstruturas Met\u00e1licas de Rolf Botho Hermann\u201d, a empresa tinha o intuito de fabricar Trailers. Ainda no come\u00e7o, notando que a necessidade do mercado era outra, a empresa come\u00e7ou a trabalhar com reformas e fabrica\u00e7\u00e3o de carro\u00e7arias especiais, o que a fez ingressar no mercado de implementos rodovi\u00e1rios. Em 1977, com o ingresso de um novo s\u00f3cio, a raz\u00e3o social foi alterada para CARRO\u00c7ARIAS ARGI LTDA.\n<br><br>\nDe l\u00e1 para c\u00e1 a empresa foi aperfei\u00e7oando seus produtos, introduzindo outros e expandindo para novos mercados. Em janeiro de 2012 a Carro\u00e7arias Argi recebeu a certifica\u00e7\u00e3o da Associa\u00e7\u00e3o Nacional dos Fabricantes de Implementos Rodovi\u00e1rios (Anfir), sendo a primeira empresa fabricante de carro\u00e7arias do estado de Santa Catarina a adquirir o selo.\n<br><br>\nAtualmente a empresa trabalha com carro\u00e7arias carga seca geral, lonadas, frigor\u00edficas  e produtos especiais. Seus produtos representam qualidade e seguran\u00e7a. Sua marca \u00e9 o reflexo do respeito e confian\u00e7a adquiridos pelos seus clientes, fornecedores e parceiros ao longo dos anos.<\/p><\/div><\/div>\t\t\t\t<\/div>\n\t\t\t\t<\/div>\n\t\t\t\t<div class=\"elementor-element elementor-element-3e823ac e-transform e-transform elementor-widget elementor-widget-button\" data-id=\"3e823ac\" data-element_type=\"widget\" data-e-type=\"widget\" data-settings=\"{&quot;_transform_scale_effect_hover&quot;:{&quot;unit&quot;:&quot;px&quot;,&quot;size&quot;:0.95999999999999996447286321199499070644378662109375,&quot;sizes&quot;:[]},&quot;_transform_scaleX_effect&quot;:{&quot;unit&quot;:&quot;px&quot;,&quot;size&quot;:&quot;&quot;,&quot;sizes&quot;:[]},&quot;_transform_scaleX_effect_laptop&quot;:{&quot;unit&quot;:&quot;px&quot;,&quot;size&quot;:&quot;&quot;,&quot;sizes&quot;:[]},&quot;_transform_scaleX_effect_tablet_extra&quot;:{&quot;unit&quot;:&quot;px&quot;,&quot;size&quot;:&quot;&quot;,&quot;sizes&quot;:[]},&quot;_transform_scaleX_effect_tablet&quot;:{&quot;unit&quot;:&quot;px&quot;,&quot;size&quot;:&quot;&quot;,&quot;sizes&quot;:[]},&quot;_transform_scaleX_effect_mobile_extra&quot;:{&quot;unit&quot;:&quot;px&quot;,&quot;size&quot;:&quot;&quot;,&quot;sizes&quot;:[]},&quot;_transform_scaleX_effect_mobile&quot;:{&quot;unit&quot;:&quot;px&quot;,&quot;size&quot;:&quot;&quot;,&quot;sizes&quot;:[]},&quot;_transform_scaleY_effect&quot;:{&quot;unit&quot;:&quot;px&quot;,&quot;size&quot;:&quot;&quot;,&quot;sizes&quot;:[]},&quot;_transform_scaleY_effect_laptop&quot;:{&quot;unit&quot;:&quot;px&quot;,&quot;size&quot;:&quot;&quot;,&quot;sizes&quot;:[]},&quot;_transform_scaleY_effect_tablet_extra&quot;:{&quot;unit&quot;:&quot;px&quot;,&quot;size&quot;:&quot;&quot;,&quot;sizes&quot;:[]},&quot;_transform_scaleY_effect_tablet&quot;:{&quot;unit&quot;:&quot;px&quot;,&quot;size&quot;:&quot;&quot;,&quot;sizes&quot;:[]},&quot;_transform_scaleY_effect_mobile_extra&quot;:{&quot;unit&quot;:&quot;px&quot;,&quot;size&quot;:&quot;&quot;,&quot;sizes&quot;:[]},&quot;_transform_scaleY_effect_mobile&quot;:{&quot;unit&quot;:&quot;px&quot;,&quot;size&quot;:&quot;&quot;,&quot;sizes&quot;:[]},&quot;_transform_scale_effect_hover_laptop&quot;:{&quot;unit&quot;:&quot;px&quot;,&quot;size&quot;:&quot;&quot;,&quot;sizes&quot;:[]},&quot;_transform_scale_effect_hover_tablet_extra&quot;:{&quot;unit&quot;:&quot;px&quot;,&quot;size&quot;:&quot;&quot;,&quot;sizes&quot;:[]},&quot;_transform_scale_effect_hover_tablet&quot;:{&quot;unit&quot;:&quot;px&quot;,&quot;size&quot;:&quot;&quot;,&quot;sizes&quot;:[]},&quot;_transform_scale_effect_hover_mobile_extra&quot;:{&quot;unit&quot;:&quot;px&quot;,&quot;size&quot;:&quot;&quot;,&quot;sizes&quot;:[]},&quot;_transform_scale_effect_hover_mobile&quot;:{&quot;unit&quot;:&quot;px&quot;,&quot;size&quot;:&quot;&quot;,&quot;sizes&quot;:[]}}\" data-widget_type=\"button.default\">\n\t\t\t\t<div class=\"elementor-widget-container\">\n\t\t\t\t\t\t\t\t\t<div class=\"elementor-button-wrapper\">\n\t\t\t\t\t<a class=\"elementor-button elementor-button-link elementor-size-sm\" href=\"https:\/\/wa.me\/554799651367?text=Ol%C3%A1!%20Vim%20pelo%20Site%20da%20Argi%20e%20gostaria%20de%20mais%20informa%C3%A7%C3%B5es.\" target=\"_blank\">\n\t\t\t\t\t\t<span class=\"elementor-button-content-wrapper\">\n\t\t\t\t\t\t<span class=\"elementor-button-icon\">\n\t\t\t\t<svg xmlns=\"http:\/\/www.w3.org\/2000\/svg\" width=\"20\" height=\"20\" viewBox=\"0 0 20 20\" fill=\"none\"><path id=\"Icon\" d=\"M6.82939 8.39673C7.18356 8.16012 7.43973 8.00161 7.20913 7.31406C6.97852 6.62651 6.80209 6.02164 6.24523 6.85771C5.42766 8.08593 7.03385 10.4041 8.54001 11.7199C10.0462 13.0358 12.5827 14.3369 13.6901 13.3619C14.4438 12.6978 13.8207 12.6042 13.1084 12.468C12.3962 12.3318 12.2735 12.6069 12.0866 12.9896M19 10C19 14.9706 14.9706 19 10 19C8.36071 19 6.82378 18.5617 5.5 17.796L1 19L2.37355 14.7811C1.50329 13.3958 1 11.7567 1 10C1 5.02944 5.02944 1 10 1C14.9706 1 19 5.02944 19 10Z\" stroke=\"#023126\" stroke-width=\"2\" stroke-linecap=\"round\" stroke-linejoin=\"round\"><\/path><\/svg>\t\t\t<\/span>\n\t\t\t\t\t\t\t\t\t<span class=\"elementor-button-text\">Solicitar Or\u00e7amento<\/span>\n\t\t\t\t\t<\/span>\n\t\t\t\t\t<\/a>\n\t\t\t\t<\/div>\n\t\t\t\t\t\t\t\t<\/div>\n\t\t\t\t<\/div>\n\t\t\t\t<\/div>\n\t\t\t\t\t<\/div>\n\t\t\t\t<\/div>\n\t\t<div class=\"elementor-element elementor-element-c2d32e0 e-flex e-con-boxed e-con e-parent\" data-id=\"c2d32e0\" data-element_type=\"container\" data-e-type=\"container\">\n\t\t\t\t\t<div class=\"e-con-inner\">\n\t\t<div class=\"elementor-element elementor-element-0e10daf e-con-full e-flex elementor-invisible e-con e-child\" data-id=\"0e10daf\" data-element_type=\"container\" data-e-type=\"container\" data-settings=\"{&quot;animation&quot;:&quot;fadeInUp&quot;}\">\n\t\t\t\t<div class=\"elementor-element elementor-element-48be528 elementor-widget__width-initial elementor-widget-mobile__width-inherit elementor-view-default elementor-position-block-start elementor-mobile-position-block-start elementor-widget elementor-widget-icon-box\" data-id=\"48be528\" data-element_type=\"widget\" data-e-type=\"widget\" data-widget_type=\"icon-box.default\">\n\t\t\t\t<div class=\"elementor-widget-container\">\n\t\t\t\t\t\t\t<div class=\"elementor-icon-box-wrapper\">\n\n\t\t\t\t\t\t<div class=\"elementor-icon-box-icon\">\n\t\t\t\t<span  class=\"elementor-icon\">\n\t\t\t\t<svg xmlns=\"http:\/\/www.w3.org\/2000\/svg\" width=\"60\" height=\"60\" viewBox=\"0 0 60 60\" fill=\"none\"><g id=\"Group 66\"><circle id=\"Ellipse 4\" cx=\"30\" cy=\"30\" r=\"30\" fill=\"#023126\"><\/circle><g id=\"Frame\" clip-path=\"url(#clip0_153_348)\"><path id=\"Vector\" d=\"M44.9275 26.625L43.1775 22.25C43.029 21.8798 42.7728 21.5628 42.4421 21.3399C42.1114 21.117 41.7213 20.9986 41.3225 21H37V20C37 19.7348 36.8946 19.4804 36.7071 19.2929C36.5196 19.1054 36.2652 19 36 19H17C16.4696 19 15.9609 19.2107 15.5858 19.5858C15.2107 19.9609 15 20.4696 15 21V35C15 35.5304 15.2107 36.0391 15.5858 36.4142C15.9609 36.7893 16.4696 37 17 37H19.125C19.3453 37.8604 19.8457 38.623 20.5473 39.1676C21.2489 39.7122 22.1118 40.0078 23 40.0078C23.8882 40.0078 24.7511 39.7122 25.4527 39.1676C26.1543 38.623 26.6547 37.8604 26.875 37H33.125C33.3453 37.8604 33.8457 38.623 34.5473 39.1676C35.2489 39.7122 36.1118 40.0078 37 40.0078C37.8882 40.0078 38.7511 39.7122 39.4527 39.1676C40.1543 38.623 40.6547 37.8604 40.875 37H43C43.5304 37 44.0391 36.7893 44.4142 36.4142C44.7893 36.0391 45 35.5304 45 35V27C45.0003 26.8715 44.9757 26.7441 44.9275 26.625ZM37 23H41.3225L42.5225 26H37V23ZM17 21H35V29H17V21ZM23 38C22.6044 38 22.2178 37.8827 21.8889 37.6629C21.56 37.4432 21.3036 37.1308 21.1522 36.7654C21.0009 36.3999 20.9613 35.9978 21.0384 35.6098C21.1156 35.2219 21.3061 34.8655 21.5858 34.5858C21.8655 34.3061 22.2219 34.1156 22.6098 34.0384C22.9978 33.9613 23.3999 34.0009 23.7654 34.1522C24.1308 34.3036 24.4432 34.56 24.6629 34.8889C24.8827 35.2178 25 35.6044 25 36C25 36.5304 24.7893 37.0391 24.4142 37.4142C24.0391 37.7893 23.5304 38 23 38ZM33.125 35H26.875C26.6547 34.1396 26.1543 33.377 25.4527 32.8324C24.7511 32.2878 23.8882 31.9922 23 31.9922C22.1118 31.9922 21.2489 32.2878 20.5473 32.8324C19.8457 33.377 19.3453 34.1396 19.125 35H17V31H35V32.5387C34.5402 32.8045 34.1377 33.159 33.8158 33.5814C33.4939 34.0039 33.2591 34.4861 33.125 35ZM37 38C36.6044 38 36.2178 37.8827 35.8889 37.6629C35.56 37.4432 35.3036 37.1308 35.1522 36.7654C35.0009 36.3999 34.9613 35.9978 35.0384 35.6098C35.1156 35.2219 35.3061 34.8655 35.5858 34.5858C35.8655 34.3061 36.2219 34.1156 36.6098 34.0384C36.9978 33.9613 37.3999 34.0009 37.7654 34.1522C38.1308 34.3036 38.4432 34.56 38.6629 34.8889C38.8827 35.2178 39 35.6044 39 36C39 36.5304 38.7893 37.0391 38.4142 37.4142C38.0391 37.7893 37.5304 38 37 38ZM43 35H40.875C40.6521 34.1417 40.1507 33.3815 39.4495 32.8387C38.7483 32.2958 37.8868 32.0008 37 32V28H43V35Z\" fill=\"white\"><\/path><\/g><\/g><defs><clipPath id=\"clip0_153_348\"><rect width=\"30\" height=\"22\" fill=\"white\" transform=\"translate(15 19)\"><\/rect><\/clipPath><\/defs><\/svg>\t\t\t\t<\/span>\n\t\t\t<\/div>\n\t\t\t\n\t\t\t\t\t\t<div class=\"elementor-icon-box-content\">\n\n\t\t\t\t\t\t\t\t\t<h3 class=\"elementor-icon-box-title\">\n\t\t\t\t\t\t<span  >\n\t\t\t\t\t\t\tMiss\u00e3o\t\t\t\t\t\t<\/span>\n\t\t\t\t\t<\/h3>\n\t\t\t\t\n\t\t\t\t\t\t\t\t\t<p class=\"elementor-icon-box-description\">\n\t\t\t\t\t\tOferecer solu\u00e7\u00f5es para transportes de carga rodovi\u00e1ria com qualidade e seguran\u00e7a, garantindo a satisfa\u00e7\u00e3o de nosso cliente, buscando o desenvolvimento de nossos parceiros, respeitando a sociedade e o meio ambiente.\t\t\t\t\t<\/p>\n\t\t\t\t\n\t\t\t<\/div>\n\t\t\t\n\t\t<\/div>\n\t\t\t\t\t\t<\/div>\n\t\t\t\t<\/div>\n\t\t\t\t<div class=\"elementor-element elementor-element-8cc1672 elementor-widget__width-initial elementor-widget-mobile__width-inherit elementor-view-default elementor-position-block-start elementor-mobile-position-block-start elementor-widget elementor-widget-icon-box\" data-id=\"8cc1672\" data-element_type=\"widget\" data-e-type=\"widget\" data-widget_type=\"icon-box.default\">\n\t\t\t\t<div class=\"elementor-widget-container\">\n\t\t\t\t\t\t\t<div class=\"elementor-icon-box-wrapper\">\n\n\t\t\t\t\t\t<div class=\"elementor-icon-box-icon\">\n\t\t\t\t<span  class=\"elementor-icon\">\n\t\t\t\t<svg xmlns=\"http:\/\/www.w3.org\/2000\/svg\" width=\"60\" height=\"60\" viewBox=\"0 0 60 60\" fill=\"none\"><g id=\"Group 66\"><circle id=\"Ellipse 4\" cx=\"30\" cy=\"30\" r=\"30\" fill=\"#023126\"><\/circle><g id=\"Frame\" clip-path=\"url(#clip0_153_348)\"><path id=\"Vector\" d=\"M44.9275 26.625L43.1775 22.25C43.029 21.8798 42.7728 21.5628 42.4421 21.3399C42.1114 21.117 41.7213 20.9986 41.3225 21H37V20C37 19.7348 36.8946 19.4804 36.7071 19.2929C36.5196 19.1054 36.2652 19 36 19H17C16.4696 19 15.9609 19.2107 15.5858 19.5858C15.2107 19.9609 15 20.4696 15 21V35C15 35.5304 15.2107 36.0391 15.5858 36.4142C15.9609 36.7893 16.4696 37 17 37H19.125C19.3453 37.8604 19.8457 38.623 20.5473 39.1676C21.2489 39.7122 22.1118 40.0078 23 40.0078C23.8882 40.0078 24.7511 39.7122 25.4527 39.1676C26.1543 38.623 26.6547 37.8604 26.875 37H33.125C33.3453 37.8604 33.8457 38.623 34.5473 39.1676C35.2489 39.7122 36.1118 40.0078 37 40.0078C37.8882 40.0078 38.7511 39.7122 39.4527 39.1676C40.1543 38.623 40.6547 37.8604 40.875 37H43C43.5304 37 44.0391 36.7893 44.4142 36.4142C44.7893 36.0391 45 35.5304 45 35V27C45.0003 26.8715 44.9757 26.7441 44.9275 26.625ZM37 23H41.3225L42.5225 26H37V23ZM17 21H35V29H17V21ZM23 38C22.6044 38 22.2178 37.8827 21.8889 37.6629C21.56 37.4432 21.3036 37.1308 21.1522 36.7654C21.0009 36.3999 20.9613 35.9978 21.0384 35.6098C21.1156 35.2219 21.3061 34.8655 21.5858 34.5858C21.8655 34.3061 22.2219 34.1156 22.6098 34.0384C22.9978 33.9613 23.3999 34.0009 23.7654 34.1522C24.1308 34.3036 24.4432 34.56 24.6629 34.8889C24.8827 35.2178 25 35.6044 25 36C25 36.5304 24.7893 37.0391 24.4142 37.4142C24.0391 37.7893 23.5304 38 23 38ZM33.125 35H26.875C26.6547 34.1396 26.1543 33.377 25.4527 32.8324C24.7511 32.2878 23.8882 31.9922 23 31.9922C22.1118 31.9922 21.2489 32.2878 20.5473 32.8324C19.8457 33.377 19.3453 34.1396 19.125 35H17V31H35V32.5387C34.5402 32.8045 34.1377 33.159 33.8158 33.5814C33.4939 34.0039 33.2591 34.4861 33.125 35ZM37 38C36.6044 38 36.2178 37.8827 35.8889 37.6629C35.56 37.4432 35.3036 37.1308 35.1522 36.7654C35.0009 36.3999 34.9613 35.9978 35.0384 35.6098C35.1156 35.2219 35.3061 34.8655 35.5858 34.5858C35.8655 34.3061 36.2219 34.1156 36.6098 34.0384C36.9978 33.9613 37.3999 34.0009 37.7654 34.1522C38.1308 34.3036 38.4432 34.56 38.6629 34.8889C38.8827 35.2178 39 35.6044 39 36C39 36.5304 38.7893 37.0391 38.4142 37.4142C38.0391 37.7893 37.5304 38 37 38ZM43 35H40.875C40.6521 34.1417 40.1507 33.3815 39.4495 32.8387C38.7483 32.2958 37.8868 32.0008 37 32V28H43V35Z\" fill=\"white\"><\/path><\/g><\/g><defs><clipPath id=\"clip0_153_348\"><rect width=\"30\" height=\"22\" fill=\"white\" transform=\"translate(15 19)\"><\/rect><\/clipPath><\/defs><\/svg>\t\t\t\t<\/span>\n\t\t\t<\/div>\n\t\t\t\n\t\t\t\t\t\t<div class=\"elementor-icon-box-content\">\n\n\t\t\t\t\t\t\t\t\t<h3 class=\"elementor-icon-box-title\">\n\t\t\t\t\t\t<span  >\n\t\t\t\t\t\t\tVis\u00e3o\t\t\t\t\t\t<\/span>\n\t\t\t\t\t<\/h3>\n\t\t\t\t\n\t\t\t\t\t\t\t\t\t<p class=\"elementor-icon-box-description\">\n\t\t\t\t\t\tSer refer\u00eancia nacional no mercado de implementos rodovi\u00e1rios.\t\t\t\t\t<\/p>\n\t\t\t\t\n\t\t\t<\/div>\n\t\t\t\n\t\t<\/div>\n\t\t\t\t\t\t<\/div>\n\t\t\t\t<\/div>\n\t\t\t\t<div class=\"elementor-element elementor-element-052f920 elementor-widget__width-initial elementor-widget-mobile__width-inherit elementor-view-default elementor-position-block-start elementor-mobile-position-block-start elementor-widget elementor-widget-icon-box\" data-id=\"052f920\" data-element_type=\"widget\" data-e-type=\"widget\" data-widget_type=\"icon-box.default\">\n\t\t\t\t<div class=\"elementor-widget-container\">\n\t\t\t\t\t\t\t<div class=\"elementor-icon-box-wrapper\">\n\n\t\t\t\t\t\t<div class=\"elementor-icon-box-icon\">\n\t\t\t\t<span  class=\"elementor-icon\">\n\t\t\t\t<svg xmlns=\"http:\/\/www.w3.org\/2000\/svg\" width=\"60\" height=\"60\" viewBox=\"0 0 60 60\" fill=\"none\"><g id=\"Group 66\"><circle id=\"Ellipse 4\" cx=\"30\" cy=\"30\" r=\"30\" fill=\"#023126\"><\/circle><g id=\"Frame\" clip-path=\"url(#clip0_153_348)\"><path id=\"Vector\" d=\"M44.9275 26.625L43.1775 22.25C43.029 21.8798 42.7728 21.5628 42.4421 21.3399C42.1114 21.117 41.7213 20.9986 41.3225 21H37V20C37 19.7348 36.8946 19.4804 36.7071 19.2929C36.5196 19.1054 36.2652 19 36 19H17C16.4696 19 15.9609 19.2107 15.5858 19.5858C15.2107 19.9609 15 20.4696 15 21V35C15 35.5304 15.2107 36.0391 15.5858 36.4142C15.9609 36.7893 16.4696 37 17 37H19.125C19.3453 37.8604 19.8457 38.623 20.5473 39.1676C21.2489 39.7122 22.1118 40.0078 23 40.0078C23.8882 40.0078 24.7511 39.7122 25.4527 39.1676C26.1543 38.623 26.6547 37.8604 26.875 37H33.125C33.3453 37.8604 33.8457 38.623 34.5473 39.1676C35.2489 39.7122 36.1118 40.0078 37 40.0078C37.8882 40.0078 38.7511 39.7122 39.4527 39.1676C40.1543 38.623 40.6547 37.8604 40.875 37H43C43.5304 37 44.0391 36.7893 44.4142 36.4142C44.7893 36.0391 45 35.5304 45 35V27C45.0003 26.8715 44.9757 26.7441 44.9275 26.625ZM37 23H41.3225L42.5225 26H37V23ZM17 21H35V29H17V21ZM23 38C22.6044 38 22.2178 37.8827 21.8889 37.6629C21.56 37.4432 21.3036 37.1308 21.1522 36.7654C21.0009 36.3999 20.9613 35.9978 21.0384 35.6098C21.1156 35.2219 21.3061 34.8655 21.5858 34.5858C21.8655 34.3061 22.2219 34.1156 22.6098 34.0384C22.9978 33.9613 23.3999 34.0009 23.7654 34.1522C24.1308 34.3036 24.4432 34.56 24.6629 34.8889C24.8827 35.2178 25 35.6044 25 36C25 36.5304 24.7893 37.0391 24.4142 37.4142C24.0391 37.7893 23.5304 38 23 38ZM33.125 35H26.875C26.6547 34.1396 26.1543 33.377 25.4527 32.8324C24.7511 32.2878 23.8882 31.9922 23 31.9922C22.1118 31.9922 21.2489 32.2878 20.5473 32.8324C19.8457 33.377 19.3453 34.1396 19.125 35H17V31H35V32.5387C34.5402 32.8045 34.1377 33.159 33.8158 33.5814C33.4939 34.0039 33.2591 34.4861 33.125 35ZM37 38C36.6044 38 36.2178 37.8827 35.8889 37.6629C35.56 37.4432 35.3036 37.1308 35.1522 36.7654C35.0009 36.3999 34.9613 35.9978 35.0384 35.6098C35.1156 35.2219 35.3061 34.8655 35.5858 34.5858C35.8655 34.3061 36.2219 34.1156 36.6098 34.0384C36.9978 33.9613 37.3999 34.0009 37.7654 34.1522C38.1308 34.3036 38.4432 34.56 38.6629 34.8889C38.8827 35.2178 39 35.6044 39 36C39 36.5304 38.7893 37.0391 38.4142 37.4142C38.0391 37.7893 37.5304 38 37 38ZM43 35H40.875C40.6521 34.1417 40.1507 33.3815 39.4495 32.8387C38.7483 32.2958 37.8868 32.0008 37 32V28H43V35Z\" fill=\"white\"><\/path><\/g><\/g><defs><clipPath id=\"clip0_153_348\"><rect width=\"30\" height=\"22\" fill=\"white\" transform=\"translate(15 19)\"><\/rect><\/clipPath><\/defs><\/svg>\t\t\t\t<\/span>\n\t\t\t<\/div>\n\t\t\t\n\t\t\t\t\t\t<div class=\"elementor-icon-box-content\">\n\n\t\t\t\t\t\t\t\t\t<h3 class=\"elementor-icon-box-title\">\n\t\t\t\t\t\t<span  >\n\t\t\t\t\t\t\tValores\t\t\t\t\t\t<\/span>\n\t\t\t\t\t<\/h3>\n\t\t\t\t\n\t\t\t\t\t\t\t\t\t<p class=\"elementor-icon-box-description\">\n\t\t\t\t\t\tPessoas \u2013 As pessoas fazem a empresa.<br><br>\nQualidade \u2013 Priorizamos o princ\u00edpio da qualidade em nossos produtos, buscando excel\u00eancia e melhorias cont\u00ednuas.\n<br><br>\nRespeito \u2013 Respeito para todos e tudo, dentro e fora da empresa.\u2028<br><br>Crescimento sustent\u00e1vel \u2013 Procuramos nos desenvolver conservando os recursos limitados.\t\t\t\t\t<\/p>\n\t\t\t\t\n\t\t\t<\/div>\n\t\t\t\n\t\t<\/div>\n\t\t\t\t\t\t<\/div>\n\t\t\t\t<\/div>\n\t\t\t\t<\/div>\n\t\t\t\t\t<\/div>\n\t\t\t\t<\/div>\n\t\t\t\t<\/div>\n\t\t","protected":false},"excerpt":{"rendered":"<p>Empresa A empresa Fundada em maio de 1972, inicialmente conhecida como \u201cEstruturas Met\u00e1licas de Rolf Botho Hermann\u201d, a empresa tinha [&hellip;]<\/p>\n","protected":false},"author":1,"featured_media":0,"parent":0,"menu_order":0,"comment_status":"closed","ping_status":"closed","template":"","meta":{"_seopress_robots_primary_cat":"","_seopress_titles_title":"","_seopress_titles_desc":"","_seopress_robots_index":"","site-sidebar-layout":"no-sidebar","site-content-layout":"","ast-site-content-layout":"full-width-container","site-content-style":"default","site-sidebar-style":"default","ast-global-header-display":"","ast-banner-title-visibility":"","ast-main-header-display":"","ast-hfb-above-header-display":"","ast-hfb-below-header-display":"","ast-hfb-mobile-header-display":"","site-post-title":"disabled","ast-breadcrumbs-content":"","ast-featured-img":"disabled","footer-sml-layout":"","theme-transparent-header-meta":"","adv-header-id-meta":"","stick-header-meta":"","header-above-stick-meta":"","header-main-stick-meta":"","header-below-stick-meta":"","astra-migrate-meta-layouts":"default","ast-page-background-enabled":"default","ast-page-background-meta":{"desktop":{"background-color":"var(--ast-global-color-4)","background-image":"","background-repeat":"repeat","background-position":"center center","background-size":"auto","background-attachment":"scroll","background-type":"","background-media":"","overlay-type":"","overlay-color":"","overlay-opacity":"","overlay-gradient":""},"tablet":{"background-color":"","background-image":"","background-repeat":"repeat","background-position":"center center","background-size":"auto","background-attachment":"scroll","background-type":"","background-media":"","overlay-type":"","overlay-color":"","overlay-opacity":"","overlay-gradient":""},"mobile":{"background-color":"","background-image":"","background-repeat":"repeat","background-position":"center center","background-size":"auto","background-attachment":"scroll","background-type":"","background-media":"","overlay-type":"","overlay-color":"","overlay-opacity":"","overlay-gradient":""}},"ast-content-background-meta":{"desktop":{"background-color":"var(--ast-global-color-5)","background-image":"","background-repeat":"repeat","background-position":"center center","background-size":"auto","background-attachment":"scroll","background-type":"","background-media":"","overlay-type":"","overlay-color":"","overlay-opacity":"","overlay-gradient":""},"tablet":{"background-color":"var(--ast-global-color-5)","background-image":"","background-repeat":"repeat","background-position":"center center","background-size":"auto","background-attachment":"scroll","background-type":"","background-media":"","overlay-type":"","overlay-color":"","overlay-opacity":"","overlay-gradient":""},"mobile":{"background-color":"var(--ast-global-color-5)","background-image":"","background-repeat":"repeat","background-position":"center center","background-size":"auto","background-attachment":"scroll","background-type":"","background-media":"","overlay-type":"","overlay-color":"","overlay-opacity":"","overlay-gradient":""}},"footnotes":""},"class_list":["post-36","page","type-page","status-publish","hentry"],"_links":{"self":[{"href":"https:\/\/argi.com.br\/lp\/wp-json\/wp\/v2\/pages\/36","targetHints":{"allow":["GET"]}}],"collection":[{"href":"https:\/\/argi.com.br\/lp\/wp-json\/wp\/v2\/pages"}],"about":[{"href":"https:\/\/argi.com.br\/lp\/wp-json\/wp\/v2\/types\/page"}],"author":[{"embeddable":true,"href":"https:\/\/argi.com.br\/lp\/wp-json\/wp\/v2\/users\/1"}],"replies":[{"embeddable":true,"href":"https:\/\/argi.com.br\/lp\/wp-json\/wp\/v2\/comments?post=36"}],"version-history":[{"count":0,"href":"https:\/\/argi.com.br\/lp\/wp-json\/wp\/v2\/pages\/36\/revisions"}],"wp:attachment":[{"href":"https:\/\/argi.com.br\/lp\/wp-json\/wp\/v2\/media?parent=36"}],"curies":[{"name":"wp","href":"https:\/\/api.w.org\/{rel}","templated":true}]}}